{"id":36903,"date":"2019-02-17T21:58:52","date_gmt":"2019-02-17T20:58:52","guid":{"rendered":"https:\/\/actagis.ch\/?page_id=36903"},"modified":"2019-04-06T23:35:07","modified_gmt":"2019-04-06T21:35:07","slug":"protection-des-donnees","status":"publish","type":"page","link":"https:\/\/actagis.ch\/fr\/protection-des-donnees\/","title":{"rendered":"Protection des donn\u00e9es"},"content":{"rendered":"<p>[et_pb_section fb_built=\u00a0\u00bb1&Prime; fullwidth=\u00a0\u00bbon\u00a0\u00bb _builder_version=\u00a0\u00bb3.18.7&Prime; background_color=\u00a0\u00bb#0071bb\u00a0\u00bb][et_pb_fullwidth_header title=\u00a0\u00bbPolitiques %22Protection des donn\u00e9es%22 et Copyright\u00a0\u00bb _builder_version=\u00a0\u00bb3.18.7&Prime; background_color=\u00a0\u00bb#0071bb\u00a0\u00bb][\/et_pb_fullwidth_header][\/et_pb_section][et_pb_section fb_built=\u00a0\u00bb1&Prime; _builder_version=\u00a0\u00bb3.18.7&Prime;][et_pb_row _builder_version=\u00a0\u00bb3.18.7&Prime;][et_pb_column type=\u00a0\u00bb4_4&Prime; _builder_version=\u00a0\u00bb3.18.7&Prime;][et_pb_text _builder_version=\u00a0\u00bb3.21.4&Prime;]<\/p>\n<p><strong>Introduction<\/strong><br \/> Devant le d\u00e9veloppement des nouveaux outils de communication, il est n\u00e9cessaire de porter une attention particuli\u00e8re \u00e0 la protection de la vie priv\u00e9e. C&rsquo;est pourquoi, nous nous engageons \u00e0 respecter la confidentialit\u00e9 des renseignements personnels que nous collectons.<\/p>\n<p><strong>Collecte des renseignements personnels<\/strong><br \/> Lors de votre visite sur ce site, si vous remplissez l&rsquo;un des formulaires disponibles, nous collecterons les informations suivantes (donn\u00e9es de contact):<\/p>\n<ul>\n<li>Nom<\/li>\n<li>Pr\u00e9nom<\/li>\n<li>Email<\/li>\n<li>Num\u00e9ro de t\u00e9l\u00e9phone<\/li>\n<\/ul>\n<p>Les renseignements personnels que nous collectons sont recueillis au travers de formulaires et gr\u00e2ce \u00e0 l&rsquo;interactivit\u00e9 \u00e9tablie entre vous et notre site Web. Nous utilisons \u00e9galement, comme indiqu\u00e9 dans la section suivante, des cookies et\/ou journaux pour r\u00e9unir des informations vous concernant.<\/p>\n<p>Lors de contacts ult\u00e9rieurs, afin de r\u00e9pondre \u00e0 vos demandes de renseignements, de traiter votre inscription et de remplir nos obligations contractuelles avec vous, nous pouvons collecter des informations suppl\u00e9mentaires, telles que<\/p>\n<ul>\n<li>Donn\u00e9es relatives aux factures, par exemple le nom de votre entreprise et votre adresse professionnelle<\/li>\n<\/ul>\n<p><strong>Utilisation des donn\u00e9es collect\u00e9es<\/strong><\/p>\n<p>Les informations que nous recueillons et stockons vous concernant sont principalement utilis\u00e9es pour nous permettre de vous fournir nos services. De plus, nous pouvons utiliser les informations aux fins suivantes:<\/p>\n<ul>\n<li>Pour vous fournir les informations que vous nous demandez<\/li>\n<li>Traiter vos inscriptions et vos paiements<\/li>\n<li>R\u00e9pondre efficacement \u00e0 vos questions<\/li>\n<li>Fournir des informations sur d&rsquo;autres produits et services susceptibles de vous int\u00e9resser compte tenu de vos pr\u00e9f\u00e9rences en mati\u00e8re de communication.<\/li>\n<li>Pour respecter nos engagements contractuels envers vous<\/li>\n<li>Pour traiter votre examen, il se peut que nous devions transf\u00e9rer vos donn\u00e9es de contact \u00e0 des instituts d\u2019examen, notamment PECB, ISACA, BCI.<\/li>\n<\/ul>\n<p><strong>Partage de vos donn\u00e9es<\/strong><\/p>\n<p>Nous ne transmettons pas vos informations \u00e0 une autre organisation, ni \u00e0 votre organisation personnelle, sans votre consentement explicite et, le cas \u00e9ch\u00e9ant, avec l&rsquo;accord de votre employeur, sauf si requis par nos instituts d&rsquo;examen pour la fourniture de services, par exemple lors de l&rsquo;enregistrement \u00e0 un examen.<\/p>\n<p><strong>Consentement<\/strong><\/p>\n<p>En acceptant notre politique de confidentialit\u00e9 ou en acceptant de faire affaire avec nous, vous consentez \u00e0 la collecte et \u00e0 l&rsquo;utilisation des informations d\u00e9crites dans cette page et renseign\u00e9es au moment de la saisie des donn\u00e9es avec des d\u00e9clarations de consentement explicites et des cases \u00e0 cocher.<\/p>\n<p><strong>Formulaires et interactivit\u00e9:<\/strong><br \/> Vos renseignements personnels sont collect\u00e9s par le biais de formulaire, \u00e0 savoir :<\/p>\n<ul>\n<li>Formulaire de pr\u00e9-inscription au formations<\/li>\n<li>Formulaire de contact<\/li>\n<\/ul>\n<p>Nous utilisons les renseignements ainsi collect\u00e9s pour les finalit\u00e9s suivantes :<\/p>\n<ul>\n<li>Suivi des demandes<\/li>\n<li>Statistiques<\/li>\n<li>Prises de contact<\/li>\n<li>Am\u00e9lioration du site Web (pr\u00e9sentation, organisation)<\/li>\n<\/ul>\n<p><strong style=\"font-size: 14px;\">Fichiers journaux et t\u00e9moins (Google Analytics)<\/strong><\/p>\n<p>Nous recueillons certaines informations par le biais de fichiers journaux (log file) et de fichiers t\u00e9moins (cookies). Il s&rsquo;agit principalement des informations suivantes :<\/p>\n<ul>\n<li>Adresse IP<\/li>\n<li>Syst\u00e8me d&rsquo;exploitation<\/li>\n<li>Pages visit\u00e9es et requ\u00eates<\/li>\n<li>Heure et jour de connexion<\/li>\n<\/ul>\n<p>Le recours \u00e0 de tels fichiers nous permet :<\/p>\n<ul>\n<li>Am\u00e9lioration du service et accueil personnalis\u00e9<\/li>\n<li>Statistique<\/li>\n<\/ul>\n<p><strong>Droit d&rsquo;opposition et de retrait<\/strong><\/p>\n<p>Nous nous engageons \u00e0 vous offrir un droit d&rsquo;opposition et de retrait quant \u00e0 vos renseignements personnels.<\/p>\n<p>Le droit d&rsquo;opposition s&rsquo;entend comme \u00e9tant la possiblit\u00e9 offerte aux internautes de refuser que leurs renseignements personnels soient utilis\u00e9es \u00e0 certaines fins mentionn\u00e9es lors de la collecte ou\u00a0de demander \u00e0 ce que leurs renseignements personnels ne figurent plus, par exemple, dans une liste de diffusion.<\/p>\n<p>Pour pouvoir exercer ces droits, vous pouvez :<\/p>\n<ul>\n<li>Courrier postal : ch. de la R\u00e9sidence 3, 1009 Pully<\/li>\n<li>\n<script type=\"text\/javascript\">\/\/ <![CDATA[\nBegin\nuser = \"team\";\ndomain = \"actagis.ch\";\ndocument.write('E-mail: <a href=\\\"mailto:' + user + '@' + domain + '\\\">' + \n\t\t\tuser + '@' + domain + '<\/a>');\n\/\/ End\n\/\/ ]]><\/script><\/p>\n<p><noscript> Email prot\u00e9g\u00e9 par JavaScript <\/noscript><\/li>\n<\/ul>\n<p><strong>Droit d&rsquo;acc\u00e8s<\/strong><\/p>\n<p>Nous nous engageons \u00e0 reconna\u00eetre un droit d&rsquo;acc\u00e8s et de rectification aux personnes concern\u00e9es d\u00e9sireuses de consulter, modifier, voire radier les informations les concernant.<\/p>\n<p>L&rsquo;exercice de ce droit se fera :<\/p>\n<ul>\n<li>Courrier postal : ch. de la R\u00e9sidence 3, 1009 Pully<\/li>\n<li>\n<script type=\"text\/javascript\">\/\/ <![CDATA[\nBegin\nuser = \"team\";\ndomain = \"actagis.ch\";\ndocument.write('E-mail: <a href=\\\"mailto:' + user + '@' + domain + '\\\">' + \n\t\t\tuser + '@' + domain + '<\/a>');\n\/\/ End\n\/\/ ]]><\/script><\/p>\n<p><noscript> Email prot\u00e9g\u00e9 par JavaScript <\/noscript><\/p>\n<\/li>\n<\/ul>\n<p><strong>S\u00e9curit\u00e9<\/strong><\/p>\n<p>Les renseignements personnels que nous collectons sont conserv\u00e9s dans un environnement s\u00e9curis\u00e9. Les personnes travaillant pour nous sont tenues de respecter la confidentialit\u00e9 de vos informations.<\/p>\n<p>Pour assurer la s\u00e9curit\u00e9 de vos renseignements personnels, nous avons recours aux mesures suivantes :<\/p>\n<ul>\n<li>Protocole TLS (Transport Layer Security)<\/li>\n<li>Gestion des acc\u00e8s &#8211; personne autoris\u00e9e<\/li>\n<li>Gestion des acc\u00e8s &#8211; personne concern\u00e9e<\/li>\n<li>Sauvegarde informatique<\/li>\n<li>D\u00e9veloppement de certificat num\u00e9rique<\/li>\n<li>Identifiant \/ mot de passe<\/li>\n<li>Pare-feu (Firewalls)<\/li>\n<\/ul>\n<p>Nous nous engageons \u00e0 maintenir un haut degr\u00e9 de confidentialit\u00e9 en int\u00e9grant les derni\u00e8res innovations technologiques permettant d&rsquo;assurer la confidentialit\u00e9 de vos transactions. Toutefois, comme aucun m\u00e9canisme n&rsquo;offre une s\u00e9curit\u00e9 maximale, une part de risque est toujours pr\u00e9sente lorsque l&rsquo;on utilise Internet pour transmettre des renseignements personnels.<\/p>\n<p><strong>Label<\/strong><\/p>\n<p>Nos engagements en mati\u00e8re de protection des renseignements personnels r\u00e9pondent aux exigences du programme suivant :<\/p>\n<ul>\n<li>Let&rsquo;s Encrypt Authority X3<\/li>\n<\/ul>\n<p><strong>L\u00e9gislation<\/strong><\/p>\n<p>Nous nous engageons \u00e0 respecter les dispositions l\u00e9gislatives \u00e9nonc\u00e9es dans :<\/p>\n<ul>\n<li>GDPR \/ RGPD<\/li>\n<\/ul>\n<p><strong>Copyright<\/strong><\/p>\n<p>Le contenu du site site est prot\u00e9g\u00e9 par le droit d&rsquo;auteur d\u00e9tenu par ACTAGIS. L&rsquo;utilisation ou la reproduction de tout ou partie du contenu est interdite.<\/p>\n<p>&nbsp;<\/p>\n<p>[\/et_pb_text][\/et_pb_column][\/et_pb_row][\/et_pb_section]<\/p>\n","protected":false},"excerpt":{"rendered":"<p>Introduction Devant le d\u00e9veloppement des nouveaux outils de communication, il est n\u00e9cessaire de porter une attention particuli\u00e8re \u00e0 la protection de la vie priv\u00e9e. C&rsquo;est pourquoi, nous nous engageons \u00e0 respecter la confidentialit\u00e9 des renseignements personnels que nous collectons. Collecte des renseignements personnels Lors de votre visite sur ce site, si vous remplissez l&rsquo;un des [&hellip;]<\/p>\n","protected":false},"author":2,"featured_media":0,"parent":0,"menu_order":0,"comment_status":"closed","ping_status":"closed","template":"","meta":{"_et_pb_use_builder":"on","_et_pb_old_content":"","_et_gb_content_width":"","inline_featured_image":false,"footnotes":""},"class_list":["post-36903","page","type-page","status-publish","hentry"],"yoast_head":"<!-- This site is optimized with the Yoast SEO plugin v27.4 - https:\/\/yoast.com\/product\/yoast-seo-wordpress\/ -->\n<title>Protection des donn\u00e9es - ACTAGIS<\/title>\n<meta name=\"robots\" content=\"index, follow, max-snippet:-1, max-image-preview:large, max-video-preview:-1\" \/>\n<link rel=\"canonical\" href=\"https:\/\/actagis.ch\/fr\/protection-des-donnees\/\" \/>\n<meta property=\"og:locale\" content=\"fr_FR\" \/>\n<meta property=\"og:type\" content=\"article\" \/>\n<meta property=\"og:title\" content=\"Protection des donn\u00e9es - ACTAGIS\" \/>\n<meta property=\"og:description\" content=\"Introduction Devant le d\u00e9veloppement des nouveaux outils de communication, il est n\u00e9cessaire de porter une attention particuli\u00e8re \u00e0 la protection de la vie priv\u00e9e. C&#039;est pourquoi, nous nous engageons \u00e0 respecter la confidentialit\u00e9 des renseignements personnels que nous collectons. Collecte des renseignements personnels Lors de votre visite sur ce site, si vous remplissez l&#039;un des [&hellip;]\" \/>\n<meta property=\"og:url\" content=\"https:\/\/actagis.ch\/fr\/protection-des-donnees\/\" \/>\n<meta property=\"og:site_name\" content=\"ACTAGIS\" \/>\n<meta property=\"article:modified_time\" content=\"2019-04-06T21:35:07+00:00\" \/>\n<meta property=\"og:image\" content=\"https:\/\/actagis.ch\/wp-content\/uploads\/2018\/09\/actagisLinkedIn.jpg\" \/>\n\t<meta property=\"og:image:width\" content=\"522\" \/>\n\t<meta property=\"og:image:height\" content=\"324\" \/>\n\t<meta property=\"og:image:type\" content=\"image\/jpeg\" \/>\n<meta name=\"twitter:card\" content=\"summary_large_image\" \/>\n<meta name=\"twitter:label1\" content=\"Dur\u00e9e de lecture estim\u00e9e\" \/>\n\t<meta name=\"twitter:data1\" content=\"5 minutes\" \/>\n<script type=\"application\/ld+json\" class=\"yoast-schema-graph\">{\"@context\":\"https:\\\/\\\/schema.org\",\"@graph\":[{\"@type\":\"WebPage\",\"@id\":\"https:\\\/\\\/actagis.ch\\\/fr\\\/protection-des-donnees\\\/\",\"url\":\"https:\\\/\\\/actagis.ch\\\/fr\\\/protection-des-donnees\\\/\",\"name\":\"Protection des donn\u00e9es - ACTAGIS\",\"isPartOf\":{\"@id\":\"https:\\\/\\\/actagis.ch\\\/fr\\\/#website\"},\"datePublished\":\"2019-02-17T20:58:52+00:00\",\"dateModified\":\"2019-04-06T21:35:07+00:00\",\"breadcrumb\":{\"@id\":\"https:\\\/\\\/actagis.ch\\\/fr\\\/protection-des-donnees\\\/#breadcrumb\"},\"inLanguage\":\"fr-FR\",\"potentialAction\":[{\"@type\":\"ReadAction\",\"target\":[\"https:\\\/\\\/actagis.ch\\\/fr\\\/protection-des-donnees\\\/\"]}]},{\"@type\":\"BreadcrumbList\",\"@id\":\"https:\\\/\\\/actagis.ch\\\/fr\\\/protection-des-donnees\\\/#breadcrumb\",\"itemListElement\":[{\"@type\":\"ListItem\",\"position\":1,\"name\":\"Home\",\"item\":\"https:\\\/\\\/actagis.ch\\\/fr\\\/actagis\\\/\"},{\"@type\":\"ListItem\",\"position\":2,\"name\":\"Protection des donn\u00e9es\"}]},{\"@type\":\"WebSite\",\"@id\":\"https:\\\/\\\/actagis.ch\\\/fr\\\/#website\",\"url\":\"https:\\\/\\\/actagis.ch\\\/fr\\\/\",\"name\":\"ACTAGIS\",\"description\":\"Govern your IT, Security and Business\",\"publisher\":{\"@id\":\"https:\\\/\\\/actagis.ch\\\/fr\\\/#organization\"},\"potentialAction\":[{\"@type\":\"SearchAction\",\"target\":{\"@type\":\"EntryPoint\",\"urlTemplate\":\"https:\\\/\\\/actagis.ch\\\/fr\\\/?s={search_term_string}\"},\"query-input\":{\"@type\":\"PropertyValueSpecification\",\"valueRequired\":true,\"valueName\":\"search_term_string\"}}],\"inLanguage\":\"fr-FR\"},{\"@type\":\"Organization\",\"@id\":\"https:\\\/\\\/actagis.ch\\\/fr\\\/#organization\",\"name\":\"ACTAGIS\",\"url\":\"https:\\\/\\\/actagis.ch\\\/fr\\\/\",\"logo\":{\"@type\":\"ImageObject\",\"inLanguage\":\"fr-FR\",\"@id\":\"https:\\\/\\\/actagis.ch\\\/fr\\\/#\\\/schema\\\/logo\\\/image\\\/\",\"url\":\"https:\\\/\\\/actagis.ch\\\/wp-content\\\/uploads\\\/2016\\\/01\\\/actagis.svg\",\"contentUrl\":\"https:\\\/\\\/actagis.ch\\\/wp-content\\\/uploads\\\/2016\\\/01\\\/actagis.svg\",\"width\":1,\"height\":1,\"caption\":\"ACTAGIS\"},\"image\":{\"@id\":\"https:\\\/\\\/actagis.ch\\\/fr\\\/#\\\/schema\\\/logo\\\/image\\\/\"}}]}<\/script>\n<!-- \/ Yoast SEO plugin. -->","yoast_head_json":{"title":"Protection des donn\u00e9es - ACTAGIS","robots":{"index":"index","follow":"follow","max-snippet":"max-snippet:-1","max-image-preview":"max-image-preview:large","max-video-preview":"max-video-preview:-1"},"canonical":"https:\/\/actagis.ch\/fr\/protection-des-donnees\/","og_locale":"fr_FR","og_type":"article","og_title":"Protection des donn\u00e9es - ACTAGIS","og_description":"Introduction Devant le d\u00e9veloppement des nouveaux outils de communication, il est n\u00e9cessaire de porter une attention particuli\u00e8re \u00e0 la protection de la vie priv\u00e9e. C'est pourquoi, nous nous engageons \u00e0 respecter la confidentialit\u00e9 des renseignements personnels que nous collectons. Collecte des renseignements personnels Lors de votre visite sur ce site, si vous remplissez l'un des [&hellip;]","og_url":"https:\/\/actagis.ch\/fr\/protection-des-donnees\/","og_site_name":"ACTAGIS","article_modified_time":"2019-04-06T21:35:07+00:00","og_image":[{"width":522,"height":324,"url":"https:\/\/actagis.ch\/wp-content\/uploads\/2018\/09\/actagisLinkedIn.jpg","type":"image\/jpeg"}],"twitter_card":"summary_large_image","twitter_misc":{"Dur\u00e9e de lecture estim\u00e9e":"5 minutes"},"schema":{"@context":"https:\/\/schema.org","@graph":[{"@type":"WebPage","@id":"https:\/\/actagis.ch\/fr\/protection-des-donnees\/","url":"https:\/\/actagis.ch\/fr\/protection-des-donnees\/","name":"Protection des donn\u00e9es - ACTAGIS","isPartOf":{"@id":"https:\/\/actagis.ch\/fr\/#website"},"datePublished":"2019-02-17T20:58:52+00:00","dateModified":"2019-04-06T21:35:07+00:00","breadcrumb":{"@id":"https:\/\/actagis.ch\/fr\/protection-des-donnees\/#breadcrumb"},"inLanguage":"fr-FR","potentialAction":[{"@type":"ReadAction","target":["https:\/\/actagis.ch\/fr\/protection-des-donnees\/"]}]},{"@type":"BreadcrumbList","@id":"https:\/\/actagis.ch\/fr\/protection-des-donnees\/#breadcrumb","itemListElement":[{"@type":"ListItem","position":1,"name":"Home","item":"https:\/\/actagis.ch\/fr\/actagis\/"},{"@type":"ListItem","position":2,"name":"Protection des donn\u00e9es"}]},{"@type":"WebSite","@id":"https:\/\/actagis.ch\/fr\/#website","url":"https:\/\/actagis.ch\/fr\/","name":"ACTAGIS","description":"Govern your IT, Security and Business","publisher":{"@id":"https:\/\/actagis.ch\/fr\/#organization"},"potentialAction":[{"@type":"SearchAction","target":{"@type":"EntryPoint","urlTemplate":"https:\/\/actagis.ch\/fr\/?s={search_term_string}"},"query-input":{"@type":"PropertyValueSpecification","valueRequired":true,"valueName":"search_term_string"}}],"inLanguage":"fr-FR"},{"@type":"Organization","@id":"https:\/\/actagis.ch\/fr\/#organization","name":"ACTAGIS","url":"https:\/\/actagis.ch\/fr\/","logo":{"@type":"ImageObject","inLanguage":"fr-FR","@id":"https:\/\/actagis.ch\/fr\/#\/schema\/logo\/image\/","url":"https:\/\/actagis.ch\/wp-content\/uploads\/2016\/01\/actagis.svg","contentUrl":"https:\/\/actagis.ch\/wp-content\/uploads\/2016\/01\/actagis.svg","width":1,"height":1,"caption":"ACTAGIS"},"image":{"@id":"https:\/\/actagis.ch\/fr\/#\/schema\/logo\/image\/"}}]}},"_links":{"self":[{"href":"https:\/\/actagis.ch\/fr\/wp-json\/wp\/v2\/pages\/36903","targetHints":{"allow":["GET"]}}],"collection":[{"href":"https:\/\/actagis.ch\/fr\/wp-json\/wp\/v2\/pages"}],"about":[{"href":"https:\/\/actagis.ch\/fr\/wp-json\/wp\/v2\/types\/page"}],"author":[{"embeddable":true,"href":"https:\/\/actagis.ch\/fr\/wp-json\/wp\/v2\/users\/2"}],"replies":[{"embeddable":true,"href":"https:\/\/actagis.ch\/fr\/wp-json\/wp\/v2\/comments?post=36903"}],"version-history":[{"count":12,"href":"https:\/\/actagis.ch\/fr\/wp-json\/wp\/v2\/pages\/36903\/revisions"}],"predecessor-version":[{"id":38510,"href":"https:\/\/actagis.ch\/fr\/wp-json\/wp\/v2\/pages\/36903\/revisions\/38510"}],"wp:attachment":[{"href":"https:\/\/actagis.ch\/fr\/wp-json\/wp\/v2\/media?parent=36903"}],"curies":[{"name":"wp","href":"https:\/\/api.w.org\/{rel}","templated":true}]}}