{"id":2944,"date":"2016-05-18T16:03:46","date_gmt":"2016-05-18T14:03:46","guid":{"rendered":"http:\/\/actagis.ch\/?page_id=2944&#038;lang=fr"},"modified":"2022-08-04T15:27:11","modified_gmt":"2022-08-04T13:27:11","slug":"garantie-actagis-academy","status":"publish","type":"page","link":"https:\/\/actagis.ch\/fr\/actagis-academy\/garantie-actagis-academy\/","title":{"rendered":"Garantie ACTAGIS Academy"},"content":{"rendered":"<p>[et_pb_section fb_built=\u00a0\u00bb1&Prime; fullwidth=\u00a0\u00bbon\u00a0\u00bb admin_label=\u00a0\u00bbSection\u00a0\u00bb _builder_version=\u00a0\u00bb4.16&Prime; global_colors_info=\u00a0\u00bb{}\u00a0\u00bb][et_pb_fullwidth_header title=\u00a0\u00bbGarantie ACTAGIS Academy\u00a0\u00bb subhead=\u00a0\u00bbNous vous garantissons de fournir les conditions permettant d&rsquo;augmenter vos possibilit\u00e9s de r\u00e9ussite de l&rsquo;examen\u00a0\u00bb content_max_width=\u00a0\u00bbnone\u00a0\u00bb admin_label=\u00a0\u00bbFullwidth Header\u00a0\u00bb _builder_version=\u00a0\u00bb4.16&Prime; background_color=\u00a0\u00bb#0071bb\u00a0\u00bb parallax=\u00a0\u00bbon\u00a0\u00bb global_colors_info=\u00a0\u00bb{}\u00a0\u00bb button_one_text_size__hover_enabled=\u00a0\u00bboff\u00a0\u00bb button_two_text_size__hover_enabled=\u00a0\u00bboff\u00a0\u00bb button_one_text_color__hover_enabled=\u00a0\u00bboff\u00a0\u00bb button_two_text_color__hover_enabled=\u00a0\u00bboff\u00a0\u00bb button_one_border_width__hover_enabled=\u00a0\u00bboff\u00a0\u00bb button_two_border_width__hover_enabled=\u00a0\u00bboff\u00a0\u00bb button_one_border_color__hover_enabled=\u00a0\u00bboff\u00a0\u00bb button_two_border_color__hover_enabled=\u00a0\u00bboff\u00a0\u00bb button_one_border_radius__hover_enabled=\u00a0\u00bboff\u00a0\u00bb button_two_border_radius__hover_enabled=\u00a0\u00bboff\u00a0\u00bb button_one_letter_spacing__hover_enabled=\u00a0\u00bboff\u00a0\u00bb button_two_letter_spacing__hover_enabled=\u00a0\u00bboff\u00a0\u00bb button_one_bg_color__hover_enabled=\u00a0\u00bboff\u00a0\u00bb button_two_bg_color__hover_enabled=\u00a0\u00bboff\u00a0\u00bb] [\/et_pb_fullwidth_header][\/et_pb_section][et_pb_section fb_built=\u00a0\u00bb1&Prime; admin_label=\u00a0\u00bbsection\u00a0\u00bb _builder_version=\u00a0\u00bb4.16&Prime; global_colors_info=\u00a0\u00bb{}\u00a0\u00bb][et_pb_row column_structure=\u00a0\u00bb2_3,1_3&Prime; admin_label=\u00a0\u00bbrow\u00a0\u00bb _builder_version=\u00a0\u00bb4.16&Prime; background_size=\u00a0\u00bbinitial\u00a0\u00bb background_position=\u00a0\u00bbtop_left\u00a0\u00bb background_repeat=\u00a0\u00bbrepeat\u00a0\u00bb global_colors_info=\u00a0\u00bb{}\u00a0\u00bb][et_pb_column type=\u00a0\u00bb2_3&Prime; _builder_version=\u00a0\u00bb4.16&Prime; custom_padding=\u00a0\u00bb|||\u00a0\u00bb global_colors_info=\u00a0\u00bb{}\u00a0\u00bb custom_padding__hover=\u00a0\u00bb|||\u00a0\u00bb][et_pb_text admin_label=\u00a0\u00bbText\u00a0\u00bb _builder_version=\u00a0\u00bb4.16&Prime; background_size=\u00a0\u00bbinitial\u00a0\u00bb background_position=\u00a0\u00bbtop_left\u00a0\u00bb background_repeat=\u00a0\u00bbrepeat\u00a0\u00bb global_colors_info=\u00a0\u00bb{}\u00a0\u00bb]<\/p>\n<h2>Conditions<\/h2>\n<p>La \u00ab\u00a0Garantie ACTAGIS Academy\u00a0\u00bb signifie qu&rsquo;en cas de non r\u00e9ussite de la 1e session d&rsquo;examen, nous allons vous soutenir pour que vous puissiez acc\u00e9der \u00e0 une 2e session d&rsquo;examen correspondante \u00e0 la formation \u00e0 laquelle vous \u00eates inscrit.<\/p>\n<p>Les conditions de notre garantie sont les suivantes:<\/p>\n<ul>\n<li>Vous devez assister aux journ\u00e9es de formation de ACTAGIS et remplir toutes les missions et exercices.<\/li>\n<li>Pour les examens de certification qui sont livr\u00e9s directement par ACTAGIS, vous devez prendre le premier examen lors de la derni\u00e8re journ\u00e9e de formation<\/li>\n<li>Pour les examens de certification qui ne sont pas fournis directement par ACTAGIS, vous devez prendre le premier examen dans les deux mois suivant la fin de la formation.<\/li>\n<li>Si vous ne r\u00e9ussissez pas le premier examen, vous \u00eates admissible \u00e0 l&rsquo;inscription dans la classe correspondante \u00e0 nouveau sans frais (uniquement pour les examens PECB), compte tenu du fait que vous allez utiliser le m\u00eame mat\u00e9riel qui est distribu\u00e9 au cours du premier cours de formation que vous avez pris chez ACTAGIS<\/li>\n<li>Notre soutien pour la 2e session d&rsquo;examen est valable 12 mois \u00e0 compter de la date de la classe initiale (ou \u00e0 compter de la date d&rsquo;inscription \u00e0 une formation SELF-STUDY).<\/li>\n<li>Le r\u00e9sultat du 1e examen de certification est n\u00e9cessaires pour confirmer l&rsquo;inscription \u00e0 un cours de formation suppl\u00e9mentaire. La 2e inscription \u00e0 une sessions de formation n&rsquo;est possible que si le candidat a particip\u00e9 \u00e0 une 1e session de formation publique (cette possibilit\u00e9 ne s&rsquo;applique pas \u00e0 des formations du type SELF-STUDY,\u00a0 SELF-STUDY-COACHED ou e-learning).<\/li>\n<li>Les dates d&rsquo;inscription pour la formation suivante sont en fonction de la disponibilit\u00e9 et de l&rsquo;existence de la formation correspondante au cours de la p\u00e9riode de validit\u00e9 de la garantie<\/li>\n<li>Pour les examens de certification qui sont organis\u00e9s par ACTAGIS, les dates d&rsquo;inscription sont en fonction de la disponibilit\u00e9 et l&rsquo;existence de l&rsquo;examen de certification correspondant au cours la p\u00e9riode de validit\u00e9 de la garantie. Dans le cadre de cette garantie, il est \u00e9galement possible de vous inscrire \u00e0 l&rsquo;examen online directement via le site PECB (processus g\u00e9r\u00e9 par PECB).<\/li>\n<li>Les frais d&rsquo;examen doivent \u00eatre pay\u00e9s par vous (pour les examens de certification qui sont organis\u00e9s directement par ACTAGIS. Les frais (le cas \u00e9ch\u00e9ant) doivent \u00eatre pay\u00e9s par vous directement \u00e0 ACTAGIS.<\/li>\n<li>Dans le cadre de la \u00ab\u00a0Garantie ACTAGIS Academy\u00a0\u00bb, vous devez \u00e9galement respecter la politique de reprise d&rsquo;examen de l&rsquo;autorit\u00e9 de certification correspondante (PECB, ISACA, BCI &#8230;)<\/li>\n<\/ul>\n<p>[\/et_pb_text][\/et_pb_column][et_pb_column type=\u00a0\u00bb1_3&Prime; _builder_version=\u00a0\u00bb4.16&Prime; custom_padding=\u00a0\u00bb|||\u00a0\u00bb global_colors_info=\u00a0\u00bb{}\u00a0\u00bb custom_padding__hover=\u00a0\u00bb|||\u00a0\u00bb][et_pb_image src=\u00a0\u00bbhttps:\/\/actagis.ch\/wp-content\/uploads\/2016\/01\/guaranteeGC200.png\u00a0\u00bb alt=\u00a0\u00bbActagis Guarantee\u00a0\u00bb align_tablet=\u00a0\u00bbcenter\u00a0\u00bb align_phone=\u00a0\u00bbcenter\u00a0\u00bb align_last_edited=\u00a0\u00bbon|desktop\u00a0\u00bb admin_label=\u00a0\u00bbImage\u00a0\u00bb _builder_version=\u00a0\u00bb4.16&Prime; animation_style=\u00a0\u00bbslide\u00a0\u00bb animation_direction=\u00a0\u00bbleft\u00a0\u00bb animation_duration=\u00a0\u00bb500ms\u00a0\u00bb animation_intensity_slide=\u00a0\u00bb10%\u00a0\u00bb global_colors_info=\u00a0\u00bb{}\u00a0\u00bb] [\/et_pb_image][\/et_pb_column][\/et_pb_row][\/et_pb_section]<\/p>\n","protected":false},"excerpt":{"rendered":"<p>Conditions La \u00ab\u00a0Garantie ACTAGIS Academy\u00a0\u00bb signifie qu&rsquo;en cas de non r\u00e9ussite de la 1e session d&rsquo;examen, nous allons vous soutenir pour que vous puissiez acc\u00e9der \u00e0 une 2e session d&rsquo;examen correspondante \u00e0 la formation \u00e0 laquelle vous \u00eates inscrit. Les conditions de notre garantie sont les suivantes: Vous devez assister aux journ\u00e9es de formation de [&hellip;]<\/p>\n","protected":false},"author":2,"featured_media":0,"parent":3021,"menu_order":0,"comment_status":"closed","ping_status":"closed","template":"","meta":{"_et_pb_use_builder":"on","_et_pb_old_content":"","_et_gb_content_width":"","inline_featured_image":false,"footnotes":""},"class_list":["post-2944","page","type-page","status-publish","hentry"],"yoast_head":"<!-- This site is optimized with the Yoast SEO plugin v27.0 - https:\/\/yoast.com\/product\/yoast-seo-wordpress\/ -->\n<title>Garantie ACTAGIS Academy - ACTAGIS<\/title>\n<meta name=\"description\" content=\"La &quot;Garantie ACTAGIS&quot; : vous vous supporterons jusqu&#039;\u00e0 ce que vous r\u00e9ussissiez l&#039;examen du cours auquel vous \u00eates inscrit.\" \/>\n<meta name=\"robots\" content=\"noindex, follow\" \/>\n<meta property=\"og:locale\" content=\"fr_FR\" \/>\n<meta property=\"og:type\" content=\"article\" \/>\n<meta property=\"og:title\" content=\"Garantie ACTAGIS Academy - ACTAGIS\" \/>\n<meta property=\"og:description\" content=\"La &quot;Garantie ACTAGIS&quot; : vous vous supporterons jusqu&#039;\u00e0 ce que vous r\u00e9ussissiez l&#039;examen du cours auquel vous \u00eates inscrit.\" \/>\n<meta property=\"og:url\" content=\"https:\/\/actagis.ch\/fr\/actagis-academy\/garantie-actagis-academy\/\" \/>\n<meta property=\"og:site_name\" content=\"ACTAGIS\" \/>\n<meta property=\"article:modified_time\" content=\"2022-08-04T13:27:11+00:00\" \/>\n<meta property=\"og:image\" content=\"https:\/\/actagis.ch\/wp-content\/uploads\/2018\/09\/actagisLinkedIn.jpg\" \/>\n\t<meta property=\"og:image:width\" content=\"522\" \/>\n\t<meta property=\"og:image:height\" content=\"324\" \/>\n\t<meta property=\"og:image:type\" content=\"image\/jpeg\" \/>\n<meta name=\"twitter:card\" content=\"summary_large_image\" \/>\n<meta name=\"twitter:label1\" content=\"Dur\u00e9e de lecture estim\u00e9e\" \/>\n\t<meta name=\"twitter:data1\" content=\"4 minutes\" \/>\n<script type=\"application\/ld+json\" class=\"yoast-schema-graph\">{\"@context\":\"https:\/\/schema.org\",\"@graph\":[{\"@type\":\"WebPage\",\"@id\":\"https:\/\/actagis.ch\/fr\/actagis-academy\/garantie-actagis-academy\/\",\"url\":\"https:\/\/actagis.ch\/fr\/actagis-academy\/garantie-actagis-academy\/\",\"name\":\"Garantie ACTAGIS Academy - ACTAGIS\",\"isPartOf\":{\"@id\":\"https:\/\/actagis.ch\/fr\/#website\"},\"datePublished\":\"2016-05-18T14:03:46+00:00\",\"dateModified\":\"2022-08-04T13:27:11+00:00\",\"description\":\"La \\\"Garantie ACTAGIS\\\" : vous vous supporterons jusqu'\u00e0 ce que vous r\u00e9ussissiez l'examen du cours auquel vous \u00eates inscrit.\",\"breadcrumb\":{\"@id\":\"https:\/\/actagis.ch\/fr\/actagis-academy\/garantie-actagis-academy\/#breadcrumb\"},\"inLanguage\":\"fr-FR\",\"potentialAction\":[{\"@type\":\"ReadAction\",\"target\":[\"https:\/\/actagis.ch\/fr\/actagis-academy\/garantie-actagis-academy\/\"]}]},{\"@type\":\"BreadcrumbList\",\"@id\":\"https:\/\/actagis.ch\/fr\/actagis-academy\/garantie-actagis-academy\/#breadcrumb\",\"itemListElement\":[{\"@type\":\"ListItem\",\"position\":1,\"name\":\"Home\",\"item\":\"https:\/\/actagis.ch\/fr\/actagis\/\"},{\"@type\":\"ListItem\",\"position\":2,\"name\":\"ACTAGIS Academy old\",\"item\":\"https:\/\/actagis.ch\/fr\/actagis-academy\/\"},{\"@type\":\"ListItem\",\"position\":3,\"name\":\"Garantie ACTAGIS Academy\"}]},{\"@type\":\"WebSite\",\"@id\":\"https:\/\/actagis.ch\/fr\/#website\",\"url\":\"https:\/\/actagis.ch\/fr\/\",\"name\":\"ACTAGIS\",\"description\":\"Govern your IT, Security and Business\",\"publisher\":{\"@id\":\"https:\/\/actagis.ch\/fr\/#organization\"},\"potentialAction\":[{\"@type\":\"SearchAction\",\"target\":{\"@type\":\"EntryPoint\",\"urlTemplate\":\"https:\/\/actagis.ch\/fr\/?s={search_term_string}\"},\"query-input\":{\"@type\":\"PropertyValueSpecification\",\"valueRequired\":true,\"valueName\":\"search_term_string\"}}],\"inLanguage\":\"fr-FR\"},{\"@type\":\"Organization\",\"@id\":\"https:\/\/actagis.ch\/fr\/#organization\",\"name\":\"ACTAGIS\",\"url\":\"https:\/\/actagis.ch\/fr\/\",\"logo\":{\"@type\":\"ImageObject\",\"inLanguage\":\"fr-FR\",\"@id\":\"https:\/\/actagis.ch\/fr\/#\/schema\/logo\/image\/\",\"url\":\"https:\/\/actagis.ch\/wp-content\/uploads\/2016\/01\/actagis.svg\",\"contentUrl\":\"https:\/\/actagis.ch\/wp-content\/uploads\/2016\/01\/actagis.svg\",\"width\":1,\"height\":1,\"caption\":\"ACTAGIS\"},\"image\":{\"@id\":\"https:\/\/actagis.ch\/fr\/#\/schema\/logo\/image\/\"}}]}<\/script>\n<!-- \/ Yoast SEO plugin. -->","yoast_head_json":{"title":"Garantie ACTAGIS Academy - ACTAGIS","description":"La \"Garantie ACTAGIS\" : vous vous supporterons jusqu'\u00e0 ce que vous r\u00e9ussissiez l'examen du cours auquel vous \u00eates inscrit.","robots":{"index":"noindex","follow":"follow"},"og_locale":"fr_FR","og_type":"article","og_title":"Garantie ACTAGIS Academy - ACTAGIS","og_description":"La \"Garantie ACTAGIS\" : vous vous supporterons jusqu'\u00e0 ce que vous r\u00e9ussissiez l'examen du cours auquel vous \u00eates inscrit.","og_url":"https:\/\/actagis.ch\/fr\/actagis-academy\/garantie-actagis-academy\/","og_site_name":"ACTAGIS","article_modified_time":"2022-08-04T13:27:11+00:00","og_image":[{"width":522,"height":324,"url":"https:\/\/actagis.ch\/wp-content\/uploads\/2018\/09\/actagisLinkedIn.jpg","type":"image\/jpeg"}],"twitter_card":"summary_large_image","twitter_misc":{"Dur\u00e9e de lecture estim\u00e9e":"4 minutes"},"schema":{"@context":"https:\/\/schema.org","@graph":[{"@type":"WebPage","@id":"https:\/\/actagis.ch\/fr\/actagis-academy\/garantie-actagis-academy\/","url":"https:\/\/actagis.ch\/fr\/actagis-academy\/garantie-actagis-academy\/","name":"Garantie ACTAGIS Academy - ACTAGIS","isPartOf":{"@id":"https:\/\/actagis.ch\/fr\/#website"},"datePublished":"2016-05-18T14:03:46+00:00","dateModified":"2022-08-04T13:27:11+00:00","description":"La \"Garantie ACTAGIS\" : vous vous supporterons jusqu'\u00e0 ce que vous r\u00e9ussissiez l'examen du cours auquel vous \u00eates inscrit.","breadcrumb":{"@id":"https:\/\/actagis.ch\/fr\/actagis-academy\/garantie-actagis-academy\/#breadcrumb"},"inLanguage":"fr-FR","potentialAction":[{"@type":"ReadAction","target":["https:\/\/actagis.ch\/fr\/actagis-academy\/garantie-actagis-academy\/"]}]},{"@type":"BreadcrumbList","@id":"https:\/\/actagis.ch\/fr\/actagis-academy\/garantie-actagis-academy\/#breadcrumb","itemListElement":[{"@type":"ListItem","position":1,"name":"Home","item":"https:\/\/actagis.ch\/fr\/actagis\/"},{"@type":"ListItem","position":2,"name":"ACTAGIS Academy old","item":"https:\/\/actagis.ch\/fr\/actagis-academy\/"},{"@type":"ListItem","position":3,"name":"Garantie ACTAGIS Academy"}]},{"@type":"WebSite","@id":"https:\/\/actagis.ch\/fr\/#website","url":"https:\/\/actagis.ch\/fr\/","name":"ACTAGIS","description":"Govern your IT, Security and Business","publisher":{"@id":"https:\/\/actagis.ch\/fr\/#organization"},"potentialAction":[{"@type":"SearchAction","target":{"@type":"EntryPoint","urlTemplate":"https:\/\/actagis.ch\/fr\/?s={search_term_string}"},"query-input":{"@type":"PropertyValueSpecification","valueRequired":true,"valueName":"search_term_string"}}],"inLanguage":"fr-FR"},{"@type":"Organization","@id":"https:\/\/actagis.ch\/fr\/#organization","name":"ACTAGIS","url":"https:\/\/actagis.ch\/fr\/","logo":{"@type":"ImageObject","inLanguage":"fr-FR","@id":"https:\/\/actagis.ch\/fr\/#\/schema\/logo\/image\/","url":"https:\/\/actagis.ch\/wp-content\/uploads\/2016\/01\/actagis.svg","contentUrl":"https:\/\/actagis.ch\/wp-content\/uploads\/2016\/01\/actagis.svg","width":1,"height":1,"caption":"ACTAGIS"},"image":{"@id":"https:\/\/actagis.ch\/fr\/#\/schema\/logo\/image\/"}}]}},"_links":{"self":[{"href":"https:\/\/actagis.ch\/fr\/wp-json\/wp\/v2\/pages\/2944","targetHints":{"allow":["GET"]}}],"collection":[{"href":"https:\/\/actagis.ch\/fr\/wp-json\/wp\/v2\/pages"}],"about":[{"href":"https:\/\/actagis.ch\/fr\/wp-json\/wp\/v2\/types\/page"}],"author":[{"embeddable":true,"href":"https:\/\/actagis.ch\/fr\/wp-json\/wp\/v2\/users\/2"}],"replies":[{"embeddable":true,"href":"https:\/\/actagis.ch\/fr\/wp-json\/wp\/v2\/comments?post=2944"}],"version-history":[{"count":6,"href":"https:\/\/actagis.ch\/fr\/wp-json\/wp\/v2\/pages\/2944\/revisions"}],"predecessor-version":[{"id":62111,"href":"https:\/\/actagis.ch\/fr\/wp-json\/wp\/v2\/pages\/2944\/revisions\/62111"}],"up":[{"embeddable":true,"href":"https:\/\/actagis.ch\/fr\/wp-json\/wp\/v2\/pages\/3021"}],"wp:attachment":[{"href":"https:\/\/actagis.ch\/fr\/wp-json\/wp\/v2\/media?parent=2944"}],"curies":[{"name":"wp","href":"https:\/\/api.w.org\/{rel}","templated":true}]}}